{"id":2,"date":"2011-11-16T20:40:27","date_gmt":"2011-11-16T19:40:27","guid":{"rendered":"http:\/\/www.progettosofia.com\/?page_id=2"},"modified":"2026-02-04T22:02:03","modified_gmt":"2026-02-04T21:02:03","slug":"pagina-di-esempio","status":"publish","type":"page","link":"https:\/\/www.progettosofia.com\/","title":{"rendered":"home"},"content":{"rendered":"<p><img loading=\"lazy\" decoding=\"async\" class=\"size-medium wp-image-1751 alignleft\" src=\"http:\/\/www.progettosofia.com\/wp-content\/uploads\/2011\/11\/DSCF5763-01_sepia-1-300x298.jpg\" alt=\"dscf5763-01_sepia\" width=\"300\" height=\"298\" srcset=\"https:\/\/www.progettosofia.com\/wp-content\/uploads\/2011\/11\/DSCF5763-01_sepia-1-300x298.jpg 300w, https:\/\/www.progettosofia.com\/wp-content\/uploads\/2011\/11\/DSCF5763-01_sepia-1-150x150.jpg 150w, https:\/\/www.progettosofia.com\/wp-content\/uploads\/2011\/11\/DSCF5763-01_sepia-1-768x762.jpg 768w, https:\/\/www.progettosofia.com\/wp-content\/uploads\/2011\/11\/DSCF5763-01_sepia-1.jpg 1004w\" sizes=\"(max-width: 300px) 100vw, 300px\" \/><\/p>\n<h2 style=\"text-align: justify;\"><em><strong>Mi presento:<\/strong><\/em><\/h2>\n<p style=\"text-align: justify;\">sono Mauro Ciaroni, padre di una ragazza di 26 anni che si chiama Sofia. E\u2019 grazie a lei, che un giorno dopo aver visto delle diapositive al ritorno da un mio viaggio in Africa, parlando delle difficolt\u00e0 e di come, in quel contesto, vivono i bambini nella povert\u00e0, un suo desiderio \u00e8 diventato realt\u00e0.<br \/>\nCon la perfetta semplicit\u00e0 dei bambini mi ha domandato: \u201c<em>Pap\u00e0 non possiamo fare qualcosa per i bambini meno fortunati di noi?<\/em>\u201d\u00a0 Cosi \u00e8 nato<br \/>\n<strong>PROGETTO SOFIA<\/strong>: un Progetto interamente dedicato ai bambini bisognosi di qualsiasi parte del mondo.<strong> PROGETTO SOFIA<\/strong> conta <strong>23 anni<\/strong> di vita e annovera diverse Missioni, tutte dirette ad aiutare orfani di guerra e di epidemie, bambini soldato, bambini abbandonati nelle strade, cardiopatici, bimbi con problemi psichici e fisici. Inoltre ha inviato finanziamenti per la ricerca su\u00a0 malattie rare. Gli aiuti economici sono giunti direttamente alle persone responsabili dei vari centri d\u2019aiuto intervenendo direttamente sulle strutture che li accolgono. In molti casi ho personalmente visitato queste strutture e ho incontrato in loco coloro che le presiedono portando\u00a0 materialmente con me i finanziamenti raccolti e consegnandoli di persona. Nel dettaglio le strutture aiutate sono le seguenti:<\/p>\n<ul>\n<li><em>4 <\/em>Orfanotrofi dislocati in Mali, Yemen e Uganda.<\/li>\n<li>3 Centri Malattie Mentali e Fisiche in Mali.<\/li>\n<li>2 Ospedali cardio pediatrici in Tanzania e Per\u00f9,<\/li>\n<li>5 Villaggi Accoglienza bambini di strada in Etiopia.<\/li>\n<li>1 Campo Profughi Orfani di Guerra Somali in Yemen.<\/li>\n<li>1 Ospedale Pediatrico St. Joseph in Uganda, Kidgum.<\/li>\n<li>1 Sala parto e accoglienza Neonati in Zambia.<\/li>\n<li>1 Ospedale Pediatrico a Padova per la ricerca Malattie Metaboliche Ereditarie in Italia.<\/li>\n<li>3 Centri Accoglienza bambini soldato, malati di AIDS, malati psichici, nord Uganda<\/li>\n<li>4 Villaggi acqua e scuola Rwanda<\/li>\n<li>1 Carcere minorile recupero bambini di strada e bambini soldato in Uganda<\/li>\n<li>1 Ospedale Pediatrico Ortopedico per bambini colpiti dalle mine in Uganda<\/li>\n<li>1 Orfanotrofio Fondazione Makafui in Togo, Lome<\/li>\n<li>1 Orfanotrofio St. Jude, Gulu Uganda<\/li>\n<li>1 Centro Accoglienza Bambini di strada C.A.L., Kampala<\/li>\n<li>Microcredito per inserire le donne nel mondo delle attivit\u00e0 commerciali<\/li>\n<li>Progetto per assistenza bambini con gravi patologie cardiache\u00a0 in collaborazione con i medici dell&#8217;Ospedale Pediatrico St. Joseph, Kitgum<\/li>\n<li>Sostegno Scuola Elementare in Senegal<\/li>\n<li>Adozione a distanza di Angee Mary (scuola e cure per il diabete)<\/li>\n<li>Ragazzi nella tempesta &#8220;Don Bosco in Sud Sudan<\/li>\n<li>Sostegno per la ristrutturazione di scuola e asilo a Crevalcore (zona terremotata)<\/li>\n<li>Maria Sfecla Bambina cardiopatica in Romania<\/li>\n<li>Baby Hospital Betlemme in Palestina<\/li>\n<li>Centro Bambini non udenti Betlemme Palestina<\/li>\n<li>Bambini orfani dell&#8217;ebola Sierra Leone<\/li>\n<li>Casa del Bambino Ebril (Kurdistan) Iraq<\/li>\n<li>Ragazzi nella Tempesta Orfanotrofio Sud Sudan<\/li>\n<li>Scuola Elementare Katmandu Nepal<\/li>\n<li>Casa del Bambino Hogar Nino de Dios in Betlemme<\/li>\n<li>Scuola Elementare di Amatrice<\/li>\n<li>Tutti a scuola Congo Kivu<\/li>\n<li>I nostri bambini di valore Myammar<\/li>\n<li>Scuola primaria &#8220;De Amicis&#8221; di Pieve Torina<\/li>\n<li>Scuola Visso Primarie e Secondarie<\/li>\n<li>Scuola Muccia Primarie e Secondarie<\/li>\n<li>Scuola St. Kizito (Githurai) Nairobi<\/li>\n<li>Little Prince Kibera Kenia<\/li>\n<li>Baldo Children\u2019s home-Ndaragwa Kenya<\/li>\n<li>Io Centro Misano Adriatico Italy<\/li>\n<li>Scuola Primaria Via Pescara Miramare di Rimini Italy<\/li>\n<li>Progetto per assistenza bambini malati in ospedale oncologico a Kiev<\/li>\n<li>Anita 13 anni paraplegica Cesenatico, Italy<\/li>\n<li>Aiuti ai bambini terremotati di Siria e Turchia<\/li>\n<li>Aiuti ai bambini colpiti dall&#8217;alluvione nel Comune di Conselice<\/li>\n<li>Aiuti ai bambini a Gaza<\/li>\n<li>Orfanotrofio Sanaya, Kenia<\/li>\n<li>Orfanotrofio Baldo, Kenia<\/li>\n<\/ul>\n<p style=\"text-align: justify;\">In questi anni abbiamo raccolto con l\u2019aiuto di amici ed Istituzioni la somma di <strong>361.278,00 \u20ac<\/strong>\u00a0 interamente utilizzata per aiutare migliaia di bambini senza passare per i complicati ingranaggi delle burocrazie statali e locali. In particolare sono stati acquistati i seguenti beni di prima necessit\u00e0 direttamente sul posto per evitare lo scoglio delle dogane: Medicinali, Alimenti, Vestiario, Materiale Scolastico e Giocattoli. Inoltre con questi fondi \u00e8 stato possibile realizzare la ristrutturazione di Orfanotrofi, Scuole, Dormitori, Mense, Acquedotti, Sale Parto e Accoglienza Neonati. In alcuni casi \u00e8 stato addirittura possibile costruire ex novo laboratori per l\u2019avviamento al mondo del\u00a0 lavoro e per agevolare l\u2019inserimento nella societ\u00e0. La Forza e la Filosofia del Progetto prendono ispirazione da una frase di Madre Teresa di Calcutta:<\/p>\n<p style=\"text-align: justify;\"><em><strong>\u201cPossiamo fare tutti qualcosa di piccolo con grande amore. Ma insieme possiamo fare qualcosa di meraviglioso\u201d.<\/strong><\/em><\/p>\n<p style=\"text-align: justify;\">Lo spirito che ha mosso me e coloro che mi hanno aiutato in questa meravigliosa impresa \u00e8 sempre stato quello della certezza di fare qualcosa di veramente utile. Recentemente mi si \u00e8 presentata la possibilit\u00e0 di condividere le mie esperienze di Progetto Sofia con i ragazzi dell\u2019istituto scolastico F.lli Cervi di Riccione e ho avuto modo di spiegare loro i dettagli tecnici del Progetto e al contempo le emozioni legate all\u2019aspetto spirituale del rapporto con i bambini bisognosi. Questa bellissima esperienza, grazie a mia figlia e alla mia famiglia, mi ha dato la possibilit\u00e0 di accostarmi ai bambini in difficolt\u00e0, di arrichirmi personalmente, e infine di aprirmi ad una nuova visione di valori quali la Famiglia, l\u2019Umilt\u00e0 e l\u2019Altruismo. Ora posso dire di sentirmi pi\u00f9 sereno e felice, sebbene consapevole che Progetto Sofia non \u00e8 altro che una piccola goccia nel mare. Un bel giorno ti accorgi, che non sei pi\u00f9 tu che porti, ma sei tu che prendi e coloro che portano gioia agli altri non possono nasconderla a loro stessi.<\/p>\n<p><strong><em>Mauro Ciaroni<\/em><\/strong><\/p>\n","protected":false},"excerpt":{"rendered":"<p>Mi presento: sono Mauro Ciaroni, padre di una ragazza di 26 anni che si chiama Sofia. E\u2019 grazie a lei, che un giorno dopo aver visto delle diapositive al ritorno da un mio viaggio in Africa, parlando delle difficolt\u00e0 e di come, in quel contesto, vivono i bambini nella povert\u00e0, un suo desiderio \u00e8 diventato &hellip; <a href=\"https:\/\/www.progettosofia.com\/\" class=\"more-link\">Continua la lettura di <span class=\"screen-reader-text\">home<\/span> <span class=\"meta-nav\">&rarr;<\/span><\/a><\/p>\n","protected":false},"author":1,"featured_media":0,"parent":0,"menu_order":1,"comment_status":"closed","ping_status":"closed","template":"","meta":{"footnotes":""},"class_list":["post-2","page","type-page","status-publish","hentry"],"_links":{"self":[{"href":"https:\/\/www.progettosofia.com\/index.php?rest_route=\/wp\/v2\/pages\/2"}],"collection":[{"href":"https:\/\/www.progettosofia.com\/index.php?rest_route=\/wp\/v2\/pages"}],"about":[{"href":"https:\/\/www.progettosofia.com\/index.php?rest_route=\/wp\/v2\/types\/page"}],"author":[{"embeddable":true,"href":"https:\/\/www.progettosofia.com\/index.php?rest_route=\/wp\/v2\/users\/1"}],"replies":[{"embeddable":true,"href":"https:\/\/www.progettosofia.com\/index.php?rest_route=%2Fwp%2Fv2%2Fcomments&post=2"}],"version-history":[{"count":115,"href":"https:\/\/www.progettosofia.com\/index.php?rest_route=\/wp\/v2\/pages\/2\/revisions"}],"predecessor-version":[{"id":1959,"href":"https:\/\/www.progettosofia.com\/index.php?rest_route=\/wp\/v2\/pages\/2\/revisions\/1959"}],"wp:attachment":[{"href":"https:\/\/www.progettosofia.com\/index.php?rest_route=%2Fwp%2Fv2%2Fmedia&parent=2"}],"curies":[{"name":"wp","href":"https:\/\/api.w.org\/{rel}","templated":true}]}}